{"id":318,"date":"2024-06-10T11:25:41","date_gmt":"2024-06-10T09:25:41","guid":{"rendered":"https:\/\/www.danieladiottipropertysolutions.com\/servizi\/investing\/"},"modified":"2024-10-27T19:58:12","modified_gmt":"2024-10-27T18:58:12","slug":"investimento","status":"publish","type":"page","link":"https:\/\/www.danieladiottipropertysolutions.com\/it\/servizi\/investimento\/","title":{"rendered":"Investire"},"content":{"rendered":"<h2>Investire in unit\u00e0 immobiliari con un valore intrinseco e duraturo \u00e8 una strategia intelligente al fine di garantire la longevit\u00e0 e la crescita del proprio portafoglio immobiliare nel tempo.<\/h2>\n","protected":false},"excerpt":{"rendered":"<p>Investire in unit\u00e0 immobiliari con un valore intrinseco e duraturo \u00e8 una strategia intelligente al fine di garantire la longevit\u00e0 [&hellip;]<\/p>\n","protected":false},"author":1,"featured_media":413,"parent":253,"menu_order":0,"comment_status":"closed","ping_status":"closed","template":"page-services-int.php","meta":{"_acf_changed":false,"inline_featured_image":false,"footnotes":""},"class_list":["post-318","page","type-page","status-publish","has-post-thumbnail","hentry"],"acf":[],"yoast_head":"<!-- This site is optimized with the Yoast SEO plugin v27.4 - https:\/\/yoast.com\/product\/yoast-seo-wordpress\/ -->\n<title>Investire - Daniela Diotti Property Solutions<\/title>\n<meta name=\"robots\" content=\"index, follow, max-snippet:-1, max-image-preview:large, max-video-preview:-1\" \/>\n<link rel=\"canonical\" href=\"https:\/\/www.danieladiottipropertysolutions.com\/it\/servizi\/investimento\/\" \/>\n<meta property=\"og:locale\" content=\"it_IT\" \/>\n<meta property=\"og:type\" content=\"article\" \/>\n<meta property=\"og:title\" content=\"Investire - Daniela Diotti Property Solutions\" \/>\n<meta property=\"og:description\" content=\"Investire in unit\u00e0 immobiliari con un valore intrinseco e duraturo \u00e8 una strategia intelligente al fine di garantire la longevit\u00e0 [&hellip;]\" \/>\n<meta property=\"og:url\" content=\"https:\/\/www.danieladiottipropertysolutions.com\/it\/servizi\/investimento\/\" \/>\n<meta property=\"og:site_name\" content=\"Daniela Diotti Property Solutions\" \/>\n<meta property=\"article:modified_time\" content=\"2024-10-27T18:58:12+00:00\" \/>\n<meta property=\"og:image\" content=\"https:\/\/www.danieladiottipropertysolutions.com\/wp-content\/uploads\/2024\/06\/ddomus-investing-1.jpg\" \/>\n\t<meta property=\"og:image:width\" content=\"1920\" \/>\n\t<meta property=\"og:image:height\" content=\"1282\" \/>\n\t<meta property=\"og:image:type\" content=\"image\/jpeg\" \/>\n<meta name=\"twitter:card\" content=\"summary_large_image\" \/>\n<script type=\"application\/ld+json\" class=\"yoast-schema-graph\">{\"@context\":\"https:\\\/\\\/schema.org\",\"@graph\":[{\"@type\":\"WebPage\",\"@id\":\"https:\\\/\\\/www.danieladiottipropertysolutions.com\\\/it\\\/servizi\\\/investimento\\\/\",\"url\":\"https:\\\/\\\/www.danieladiottipropertysolutions.com\\\/it\\\/servizi\\\/investimento\\\/\",\"name\":\"Investire - Daniela Diotti Property Solutions\",\"isPartOf\":{\"@id\":\"https:\\\/\\\/www.danieladiottipropertysolutions.com\\\/it\\\/#website\"},\"primaryImageOfPage\":{\"@id\":\"https:\\\/\\\/www.danieladiottipropertysolutions.com\\\/it\\\/servizi\\\/investimento\\\/#primaryimage\"},\"image\":{\"@id\":\"https:\\\/\\\/www.danieladiottipropertysolutions.com\\\/it\\\/servizi\\\/investimento\\\/#primaryimage\"},\"thumbnailUrl\":\"https:\\\/\\\/www.danieladiottipropertysolutions.com\\\/wp-content\\\/uploads\\\/2024\\\/06\\\/ddomus-investing-1.jpg\",\"datePublished\":\"2024-06-10T09:25:41+00:00\",\"dateModified\":\"2024-10-27T18:58:12+00:00\",\"breadcrumb\":{\"@id\":\"https:\\\/\\\/www.danieladiottipropertysolutions.com\\\/it\\\/servizi\\\/investimento\\\/#breadcrumb\"},\"inLanguage\":\"it-IT\",\"potentialAction\":[{\"@type\":\"ReadAction\",\"target\":[\"https:\\\/\\\/www.danieladiottipropertysolutions.com\\\/it\\\/servizi\\\/investimento\\\/\"]}]},{\"@type\":\"ImageObject\",\"inLanguage\":\"it-IT\",\"@id\":\"https:\\\/\\\/www.danieladiottipropertysolutions.com\\\/it\\\/servizi\\\/investimento\\\/#primaryimage\",\"url\":\"https:\\\/\\\/www.danieladiottipropertysolutions.com\\\/wp-content\\\/uploads\\\/2024\\\/06\\\/ddomus-investing-1.jpg\",\"contentUrl\":\"https:\\\/\\\/www.danieladiottipropertysolutions.com\\\/wp-content\\\/uploads\\\/2024\\\/06\\\/ddomus-investing-1.jpg\",\"width\":1920,\"height\":1282},{\"@type\":\"BreadcrumbList\",\"@id\":\"https:\\\/\\\/www.danieladiottipropertysolutions.com\\\/it\\\/servizi\\\/investimento\\\/#breadcrumb\",\"itemListElement\":[{\"@type\":\"ListItem\",\"position\":1,\"name\":\"Home\",\"item\":\"https:\\\/\\\/www.danieladiottipropertysolutions.com\\\/it\\\/\"},{\"@type\":\"ListItem\",\"position\":2,\"name\":\"Servizi\",\"item\":\"https:\\\/\\\/www.danieladiottipropertysolutions.com\\\/it\\\/servizi\\\/\"},{\"@type\":\"ListItem\",\"position\":3,\"name\":\"Investire\"}]},{\"@type\":\"WebSite\",\"@id\":\"https:\\\/\\\/www.danieladiottipropertysolutions.com\\\/it\\\/#website\",\"url\":\"https:\\\/\\\/www.danieladiottipropertysolutions.com\\\/it\\\/\",\"name\":\"Daniela Diotti Property Solutions\",\"description\":\"Una consulente immobiliare al tuo fianco\",\"potentialAction\":[{\"@type\":\"SearchAction\",\"target\":{\"@type\":\"EntryPoint\",\"urlTemplate\":\"https:\\\/\\\/www.danieladiottipropertysolutions.com\\\/it\\\/?s={search_term_string}\"},\"query-input\":{\"@type\":\"PropertyValueSpecification\",\"valueRequired\":true,\"valueName\":\"search_term_string\"}}],\"inLanguage\":\"it-IT\"}]}<\/script>\n<!-- \/ Yoast SEO plugin. -->","yoast_head_json":{"title":"Investire - Daniela Diotti Property Solutions","robots":{"index":"index","follow":"follow","max-snippet":"max-snippet:-1","max-image-preview":"max-image-preview:large","max-video-preview":"max-video-preview:-1"},"canonical":"https:\/\/www.danieladiottipropertysolutions.com\/it\/servizi\/investimento\/","og_locale":"it_IT","og_type":"article","og_title":"Investire - Daniela Diotti Property Solutions","og_description":"Investire in unit\u00e0 immobiliari con un valore intrinseco e duraturo \u00e8 una strategia intelligente al fine di garantire la longevit\u00e0 [&hellip;]","og_url":"https:\/\/www.danieladiottipropertysolutions.com\/it\/servizi\/investimento\/","og_site_name":"Daniela Diotti Property Solutions","article_modified_time":"2024-10-27T18:58:12+00:00","og_image":[{"width":1920,"height":1282,"url":"https:\/\/www.danieladiottipropertysolutions.com\/wp-content\/uploads\/2024\/06\/ddomus-investing-1.jpg","type":"image\/jpeg"}],"twitter_card":"summary_large_image","schema":{"@context":"https:\/\/schema.org","@graph":[{"@type":"WebPage","@id":"https:\/\/www.danieladiottipropertysolutions.com\/it\/servizi\/investimento\/","url":"https:\/\/www.danieladiottipropertysolutions.com\/it\/servizi\/investimento\/","name":"Investire - Daniela Diotti Property Solutions","isPartOf":{"@id":"https:\/\/www.danieladiottipropertysolutions.com\/it\/#website"},"primaryImageOfPage":{"@id":"https:\/\/www.danieladiottipropertysolutions.com\/it\/servizi\/investimento\/#primaryimage"},"image":{"@id":"https:\/\/www.danieladiottipropertysolutions.com\/it\/servizi\/investimento\/#primaryimage"},"thumbnailUrl":"https:\/\/www.danieladiottipropertysolutions.com\/wp-content\/uploads\/2024\/06\/ddomus-investing-1.jpg","datePublished":"2024-06-10T09:25:41+00:00","dateModified":"2024-10-27T18:58:12+00:00","breadcrumb":{"@id":"https:\/\/www.danieladiottipropertysolutions.com\/it\/servizi\/investimento\/#breadcrumb"},"inLanguage":"it-IT","potentialAction":[{"@type":"ReadAction","target":["https:\/\/www.danieladiottipropertysolutions.com\/it\/servizi\/investimento\/"]}]},{"@type":"ImageObject","inLanguage":"it-IT","@id":"https:\/\/www.danieladiottipropertysolutions.com\/it\/servizi\/investimento\/#primaryimage","url":"https:\/\/www.danieladiottipropertysolutions.com\/wp-content\/uploads\/2024\/06\/ddomus-investing-1.jpg","contentUrl":"https:\/\/www.danieladiottipropertysolutions.com\/wp-content\/uploads\/2024\/06\/ddomus-investing-1.jpg","width":1920,"height":1282},{"@type":"BreadcrumbList","@id":"https:\/\/www.danieladiottipropertysolutions.com\/it\/servizi\/investimento\/#breadcrumb","itemListElement":[{"@type":"ListItem","position":1,"name":"Home","item":"https:\/\/www.danieladiottipropertysolutions.com\/it\/"},{"@type":"ListItem","position":2,"name":"Servizi","item":"https:\/\/www.danieladiottipropertysolutions.com\/it\/servizi\/"},{"@type":"ListItem","position":3,"name":"Investire"}]},{"@type":"WebSite","@id":"https:\/\/www.danieladiottipropertysolutions.com\/it\/#website","url":"https:\/\/www.danieladiottipropertysolutions.com\/it\/","name":"Daniela Diotti Property Solutions","description":"Una consulente immobiliare al tuo fianco","potentialAction":[{"@type":"SearchAction","target":{"@type":"EntryPoint","urlTemplate":"https:\/\/www.danieladiottipropertysolutions.com\/it\/?s={search_term_string}"},"query-input":{"@type":"PropertyValueSpecification","valueRequired":true,"valueName":"search_term_string"}}],"inLanguage":"it-IT"}]}},"_links":{"self":[{"href":"https:\/\/www.danieladiottipropertysolutions.com\/it\/wp-json\/wp\/v2\/pages\/318","targetHints":{"allow":["GET"]}}],"collection":[{"href":"https:\/\/www.danieladiottipropertysolutions.com\/it\/wp-json\/wp\/v2\/pages"}],"about":[{"href":"https:\/\/www.danieladiottipropertysolutions.com\/it\/wp-json\/wp\/v2\/types\/page"}],"author":[{"embeddable":true,"href":"https:\/\/www.danieladiottipropertysolutions.com\/it\/wp-json\/wp\/v2\/users\/1"}],"replies":[{"embeddable":true,"href":"https:\/\/www.danieladiottipropertysolutions.com\/it\/wp-json\/wp\/v2\/comments?post=318"}],"version-history":[{"count":15,"href":"https:\/\/www.danieladiottipropertysolutions.com\/it\/wp-json\/wp\/v2\/pages\/318\/revisions"}],"predecessor-version":[{"id":859,"href":"https:\/\/www.danieladiottipropertysolutions.com\/it\/wp-json\/wp\/v2\/pages\/318\/revisions\/859"}],"up":[{"embeddable":true,"href":"https:\/\/www.danieladiottipropertysolutions.com\/it\/wp-json\/wp\/v2\/pages\/253"}],"wp:featuredmedia":[{"embeddable":true,"href":"https:\/\/www.danieladiottipropertysolutions.com\/it\/wp-json\/wp\/v2\/media\/413"}],"wp:attachment":[{"href":"https:\/\/www.danieladiottipropertysolutions.com\/it\/wp-json\/wp\/v2\/media?parent=318"}],"curies":[{"name":"wp","href":"https:\/\/api.w.org\/{rel}","templated":true}]}}