{"id":253,"date":"2024-06-10T11:25:28","date_gmt":"2024-06-10T09:25:28","guid":{"rendered":"https:\/\/www.danieladiottipropertysolutions.com\/services\/"},"modified":"2024-09-17T11:53:38","modified_gmt":"2024-09-17T09:53:38","slug":"servizi","status":"publish","type":"page","link":"https:\/\/www.danieladiottipropertysolutions.com\/it\/servizi\/","title":{"rendered":"Servizi"},"content":{"rendered":"<h2>Lavoro per te, esclusivamente. Qualora si tratti di un acquisto, della ricerca di un immobile da condurre in locazione, o per tutto ci\u00f2 che riguarda la cura dei tuoi immobili, individuer\u00f2 la soluzione ideale perch\u00e8 le tue esigenze sono la mia priorit\u00e0.<\/h2>\n","protected":false},"excerpt":{"rendered":"<p>Lavoro per te, esclusivamente. Qualora si tratti di un acquisto, della ricerca di un immobile da condurre in locazione, o [&hellip;]<\/p>\n","protected":false},"author":1,"featured_media":171,"parent":0,"menu_order":0,"comment_status":"closed","ping_status":"closed","template":"page-services.php","meta":{"_acf_changed":false,"inline_featured_image":false,"footnotes":""},"class_list":["post-253","page","type-page","status-publish","has-post-thumbnail","hentry"],"acf":[],"yoast_head":"<!-- This site is optimized with the Yoast SEO plugin v27.4 - https:\/\/yoast.com\/product\/yoast-seo-wordpress\/ -->\n<title>Servizi - Daniela Diotti Property Solutions<\/title>\n<meta name=\"robots\" content=\"index, follow, max-snippet:-1, max-image-preview:large, max-video-preview:-1\" \/>\n<link rel=\"canonical\" href=\"https:\/\/www.danieladiottipropertysolutions.com\/it\/servizi\/\" \/>\n<meta property=\"og:locale\" content=\"it_IT\" \/>\n<meta property=\"og:type\" content=\"article\" \/>\n<meta property=\"og:title\" content=\"Servizi - Daniela Diotti Property Solutions\" \/>\n<meta property=\"og:description\" content=\"Lavoro per te, esclusivamente. Qualora si tratti di un acquisto, della ricerca di un immobile da condurre in locazione, o [&hellip;]\" \/>\n<meta property=\"og:url\" content=\"https:\/\/www.danieladiottipropertysolutions.com\/it\/servizi\/\" \/>\n<meta property=\"og:site_name\" content=\"Daniela Diotti Property Solutions\" \/>\n<meta property=\"article:modified_time\" content=\"2024-09-17T09:53:38+00:00\" \/>\n<meta property=\"og:image\" content=\"https:\/\/www.danieladiottipropertysolutions.com\/wp-content\/uploads\/2024\/06\/ddomus-services.jpg\" \/>\n\t<meta property=\"og:image:width\" content=\"1920\" \/>\n\t<meta property=\"og:image:height\" content=\"1281\" \/>\n\t<meta property=\"og:image:type\" content=\"image\/jpeg\" \/>\n<meta name=\"twitter:card\" content=\"summary_large_image\" \/>\n<script type=\"application\/ld+json\" class=\"yoast-schema-graph\">{\"@context\":\"https:\\\/\\\/schema.org\",\"@graph\":[{\"@type\":\"WebPage\",\"@id\":\"https:\\\/\\\/www.danieladiottipropertysolutions.com\\\/it\\\/servizi\\\/\",\"url\":\"https:\\\/\\\/www.danieladiottipropertysolutions.com\\\/it\\\/servizi\\\/\",\"name\":\"Servizi - Daniela Diotti Property Solutions\",\"isPartOf\":{\"@id\":\"https:\\\/\\\/www.danieladiottipropertysolutions.com\\\/it\\\/#website\"},\"primaryImageOfPage\":{\"@id\":\"https:\\\/\\\/www.danieladiottipropertysolutions.com\\\/it\\\/servizi\\\/#primaryimage\"},\"image\":{\"@id\":\"https:\\\/\\\/www.danieladiottipropertysolutions.com\\\/it\\\/servizi\\\/#primaryimage\"},\"thumbnailUrl\":\"https:\\\/\\\/www.danieladiottipropertysolutions.com\\\/wp-content\\\/uploads\\\/2024\\\/06\\\/ddomus-services.jpg\",\"datePublished\":\"2024-06-10T09:25:28+00:00\",\"dateModified\":\"2024-09-17T09:53:38+00:00\",\"breadcrumb\":{\"@id\":\"https:\\\/\\\/www.danieladiottipropertysolutions.com\\\/it\\\/servizi\\\/#breadcrumb\"},\"inLanguage\":\"it-IT\",\"potentialAction\":[{\"@type\":\"ReadAction\",\"target\":[\"https:\\\/\\\/www.danieladiottipropertysolutions.com\\\/it\\\/servizi\\\/\"]}]},{\"@type\":\"ImageObject\",\"inLanguage\":\"it-IT\",\"@id\":\"https:\\\/\\\/www.danieladiottipropertysolutions.com\\\/it\\\/servizi\\\/#primaryimage\",\"url\":\"https:\\\/\\\/www.danieladiottipropertysolutions.com\\\/wp-content\\\/uploads\\\/2024\\\/06\\\/ddomus-services.jpg\",\"contentUrl\":\"https:\\\/\\\/www.danieladiottipropertysolutions.com\\\/wp-content\\\/uploads\\\/2024\\\/06\\\/ddomus-services.jpg\",\"width\":1920,\"height\":1281},{\"@type\":\"BreadcrumbList\",\"@id\":\"https:\\\/\\\/www.danieladiottipropertysolutions.com\\\/it\\\/servizi\\\/#breadcrumb\",\"itemListElement\":[{\"@type\":\"ListItem\",\"position\":1,\"name\":\"Home\",\"item\":\"https:\\\/\\\/www.danieladiottipropertysolutions.com\\\/it\\\/\"},{\"@type\":\"ListItem\",\"position\":2,\"name\":\"Servizi\"}]},{\"@type\":\"WebSite\",\"@id\":\"https:\\\/\\\/www.danieladiottipropertysolutions.com\\\/it\\\/#website\",\"url\":\"https:\\\/\\\/www.danieladiottipropertysolutions.com\\\/it\\\/\",\"name\":\"Daniela Diotti Property Solutions\",\"description\":\"Una consulente immobiliare al tuo fianco\",\"potentialAction\":[{\"@type\":\"SearchAction\",\"target\":{\"@type\":\"EntryPoint\",\"urlTemplate\":\"https:\\\/\\\/www.danieladiottipropertysolutions.com\\\/it\\\/?s={search_term_string}\"},\"query-input\":{\"@type\":\"PropertyValueSpecification\",\"valueRequired\":true,\"valueName\":\"search_term_string\"}}],\"inLanguage\":\"it-IT\"}]}<\/script>\n<!-- \/ Yoast SEO plugin. -->","yoast_head_json":{"title":"Servizi - Daniela Diotti Property Solutions","robots":{"index":"index","follow":"follow","max-snippet":"max-snippet:-1","max-image-preview":"max-image-preview:large","max-video-preview":"max-video-preview:-1"},"canonical":"https:\/\/www.danieladiottipropertysolutions.com\/it\/servizi\/","og_locale":"it_IT","og_type":"article","og_title":"Servizi - Daniela Diotti Property Solutions","og_description":"Lavoro per te, esclusivamente. Qualora si tratti di un acquisto, della ricerca di un immobile da condurre in locazione, o [&hellip;]","og_url":"https:\/\/www.danieladiottipropertysolutions.com\/it\/servizi\/","og_site_name":"Daniela Diotti Property Solutions","article_modified_time":"2024-09-17T09:53:38+00:00","og_image":[{"width":1920,"height":1281,"url":"https:\/\/www.danieladiottipropertysolutions.com\/wp-content\/uploads\/2024\/06\/ddomus-services.jpg","type":"image\/jpeg"}],"twitter_card":"summary_large_image","schema":{"@context":"https:\/\/schema.org","@graph":[{"@type":"WebPage","@id":"https:\/\/www.danieladiottipropertysolutions.com\/it\/servizi\/","url":"https:\/\/www.danieladiottipropertysolutions.com\/it\/servizi\/","name":"Servizi - Daniela Diotti Property Solutions","isPartOf":{"@id":"https:\/\/www.danieladiottipropertysolutions.com\/it\/#website"},"primaryImageOfPage":{"@id":"https:\/\/www.danieladiottipropertysolutions.com\/it\/servizi\/#primaryimage"},"image":{"@id":"https:\/\/www.danieladiottipropertysolutions.com\/it\/servizi\/#primaryimage"},"thumbnailUrl":"https:\/\/www.danieladiottipropertysolutions.com\/wp-content\/uploads\/2024\/06\/ddomus-services.jpg","datePublished":"2024-06-10T09:25:28+00:00","dateModified":"2024-09-17T09:53:38+00:00","breadcrumb":{"@id":"https:\/\/www.danieladiottipropertysolutions.com\/it\/servizi\/#breadcrumb"},"inLanguage":"it-IT","potentialAction":[{"@type":"ReadAction","target":["https:\/\/www.danieladiottipropertysolutions.com\/it\/servizi\/"]}]},{"@type":"ImageObject","inLanguage":"it-IT","@id":"https:\/\/www.danieladiottipropertysolutions.com\/it\/servizi\/#primaryimage","url":"https:\/\/www.danieladiottipropertysolutions.com\/wp-content\/uploads\/2024\/06\/ddomus-services.jpg","contentUrl":"https:\/\/www.danieladiottipropertysolutions.com\/wp-content\/uploads\/2024\/06\/ddomus-services.jpg","width":1920,"height":1281},{"@type":"BreadcrumbList","@id":"https:\/\/www.danieladiottipropertysolutions.com\/it\/servizi\/#breadcrumb","itemListElement":[{"@type":"ListItem","position":1,"name":"Home","item":"https:\/\/www.danieladiottipropertysolutions.com\/it\/"},{"@type":"ListItem","position":2,"name":"Servizi"}]},{"@type":"WebSite","@id":"https:\/\/www.danieladiottipropertysolutions.com\/it\/#website","url":"https:\/\/www.danieladiottipropertysolutions.com\/it\/","name":"Daniela Diotti Property Solutions","description":"Una consulente immobiliare al tuo fianco","potentialAction":[{"@type":"SearchAction","target":{"@type":"EntryPoint","urlTemplate":"https:\/\/www.danieladiottipropertysolutions.com\/it\/?s={search_term_string}"},"query-input":{"@type":"PropertyValueSpecification","valueRequired":true,"valueName":"search_term_string"}}],"inLanguage":"it-IT"}]}},"_links":{"self":[{"href":"https:\/\/www.danieladiottipropertysolutions.com\/it\/wp-json\/wp\/v2\/pages\/253","targetHints":{"allow":["GET"]}}],"collection":[{"href":"https:\/\/www.danieladiottipropertysolutions.com\/it\/wp-json\/wp\/v2\/pages"}],"about":[{"href":"https:\/\/www.danieladiottipropertysolutions.com\/it\/wp-json\/wp\/v2\/types\/page"}],"author":[{"embeddable":true,"href":"https:\/\/www.danieladiottipropertysolutions.com\/it\/wp-json\/wp\/v2\/users\/1"}],"replies":[{"embeddable":true,"href":"https:\/\/www.danieladiottipropertysolutions.com\/it\/wp-json\/wp\/v2\/comments?post=253"}],"version-history":[{"count":9,"href":"https:\/\/www.danieladiottipropertysolutions.com\/it\/wp-json\/wp\/v2\/pages\/253\/revisions"}],"predecessor-version":[{"id":782,"href":"https:\/\/www.danieladiottipropertysolutions.com\/it\/wp-json\/wp\/v2\/pages\/253\/revisions\/782"}],"wp:featuredmedia":[{"embeddable":true,"href":"https:\/\/www.danieladiottipropertysolutions.com\/it\/wp-json\/wp\/v2\/media\/171"}],"wp:attachment":[{"href":"https:\/\/www.danieladiottipropertysolutions.com\/it\/wp-json\/wp\/v2\/media?parent=253"}],"curies":[{"name":"wp","href":"https:\/\/api.w.org\/{rel}","templated":true}]}}